{"id":66,"date":"2020-12-28T15:44:08","date_gmt":"2020-12-28T13:44:08","guid":{"rendered":"https:\/\/ugisl-swe.ddns.net\/index.php\/par-mani-latviesu-valoda\/"},"modified":"2021-03-07T00:02:23","modified_gmt":"2021-03-06T23:02:23","slug":"par-mani-latviesu-valoda","status":"publish","type":"page","link":"https:\/\/doulafranhjartat.se\/index.php\/lv\/par-mani-latviesu-valoda\/","title":{"rendered":"S\u0101kumlapa"},"content":{"rendered":"\n<p style=\"text-align: justify;\"><img decoding=\"async\" class=\"alignleft\" src=\"https:\/\/doulafranhjartat.se\/wp-content\/uploads\/2021\/01\/Sakuma_bilde-768x1272.jpg\" sizes=\"(min-width: 481px) 181px, \n    40vw\" srcset=\"https:\/\/doulafranhjartat.se\/wp-content\/uploads\/2021\/01\/Sakuma_bilde-927x1536.jpg 927w, \n    https:\/\/doulafranhjartat.se\/wp-content\/uploads\/2021\/01\/Sakuma_bilde-768x1272.jpg 768w\" alt=\"image alt\" \/>No sirds apsveicu! J\u016bs esat pie\u0146\u0113mu\u0161i svar\u012bg\u0101ko l\u0113mumu j\u016bsu m\u016b\u017e\u0101 un, iesp\u0113jams, jau \u0161obr\u012bd gaid\u0101t savu m\u012b\u013co mazul\u012bti. Tas ir tik \u012bpa\u0161i! Un ne tikai gaid\u012b\u0161anas laiks, ar\u012b dzemd\u012bbas ir kas \u012bpa\u0161s un ma\u0123isks. \u013boti skaists, \u013coti personisks un \u013coti sp\u0113c\u012bgs notikums. Ar pareizu atbalstu un uzmundrin\u0101jumu t\u0101s var k\u013c\u016bt par emocion\u0101lu, m\u012blest\u012bbas un siltuma pilnu st\u0101stu, ko atcer\u0113ties visu m\u016b\u017eu. Tie\u0161i t\u0101d\u0113\u013c es k\u013cuvu par d\u016blu. Ar savu atbalstu un kl\u0101tb\u016btni es v\u0113los jums pal\u012bdz\u0113t rad\u012bt j\u016bsu \u012bpa\u0161o st\u0101stu.<\/p>\n<p style=\"text-align: justify;\">Man ir tr\u012bs b\u0113rni. Katras dzemd\u012bbas ir biju\u0161as cit\u0101d\u0101kas. Un bez d\u016blas pal\u012bdz\u012bbas. Tagad es zinu, ja man tiks dota iesp\u0113ja piedz\u012bvot v\u0113l vienu br\u012bnumu, es noteikti par\u016bp\u0113\u0161os par to, lai m\u016bsu \u012bpa\u0161aj\u0101 br\u012bd\u012b ar mums kop\u0101 ir d\u016bla.<\/p>\n<p style=\"text-align: justify;\">Manas izgl\u012bt\u012bbas pamat\u0101 ir &#8220;F\u00f6da utan r\u00e4dsla&#8221; (Dzemd\u0113t bez bail\u0113m) metode, ko rad\u012bjusi un sav\u0101 gr\u0101mat\u0101 aprakst\u012bjusi S\u016bzana H\u0113li. Zviedrij\u0101 t\u0101 ir \u013coti labi paz\u012bstama un pla\u0161i izmantota. Metode pielieto 4 svar\u012bgus un taj\u0101 pa\u0161\u0101 laik\u0101 vienk\u0101r\u0161us r\u012bkus, lai papildin\u0101tu un stiprin\u0101tu sievietes \u0137erme\u0146a dab\u012bgo sp\u0113ju un prasmi dzemd\u0113t b\u0113rnus. Kop\u0101 ar p\u0101ri tiek atrasta lab\u0101k\u0101, atbilsto\u0161\u0101k\u0101 metodes pielieto\u0161anas strat\u0113\u0123ija.<\/p>\n<p style=\"text-align: justify;\">K\u0101 notiek sadarb\u012bba ar mani? Kad esat pie\u0146\u0113mu\u0161i l\u0113mumu \u013caut man j\u016bs atbalst\u012bt j\u016bsu \u012bpa\u0161aj\u0101 br\u012bd\u012b, m\u0113s iepl\u0101nojam tik\u0161anos, kur\u0101 kop\u012bgi izrun\u0101jam visu, kas jums ir svar\u012bgs un ko ir svar\u012bgi zin\u0101t pirms dzemd\u012bb\u0101m. P\u0113c tam es esmu pieejama pa telefonu vai citiem sazi\u0146as t\u012bkliem l\u012bdz br\u012bdim, kad dzemd\u012bbas s\u0101kas un jums ir nepiecie\u0161ams atbalsts, lai sagaid\u012btu mazul\u012bti \u0161aj\u0101 pasaul\u0113. Es varu pievienoties jums j\u016bsu m\u0101j\u0101s vai slimn\u012bc\u0101 un esmu ar jums l\u012bdz br\u012bdim, kad b\u0113rni\u0146\u0161 ir j\u016bsu rok\u0101s. P\u0113c tam m\u0113s tiekamies v\u0113l vienu reizi apm\u0113ram p\u0113c ned\u0113\u013cas, lai p\u0101rrun\u0101tu notiku\u0161o un iel\u016bkotos j\u016bsu jaunaj\u0101 ikdien\u0101, par kuru, iesp\u0113jams, sakr\u0101ju\u0161ies da\u017e\u0101di jaut\u0101jumi.<\/p>\n<p style=\"text-align: justify;\">Es darbojos un esmu pieejama Stokholmas un Upsalas apgabalos un \u0161obr\u012bd str\u0101d\u0101ju tr\u012bs valod\u0101s &#8211; latvie\u0161u, zviedru un krievu. Ja k\u0101ds no jums run\u0101 angliski un nedaudz zviedriski, ar\u012b tad m\u0113s \u013coti labi tiksim gal\u0101. Tom\u0113r pie manas lab\u0101s ang\u013cu valodas atg\u016b\u0161anas man v\u0113l nedaudz j\u0101piestr\u0101d\u0101.<\/p>\n","protected":false},"excerpt":{"rendered":"<p>No sirds apsveicu! J\u016bs esat pie\u0146\u0113mu\u0161i svar\u012bg\u0101ko l\u0113mumu j\u016bsu m\u016b\u017e\u0101 un, iesp\u0113jams, jau \u0161obr\u012bd gaid\u0101t savu m\u012b\u013co mazul\u012bti. Tas ir tik \u012bpa\u0161i! Un ne tikai gaid\u012b\u0161anas laiks, ar\u012b dzemd\u012bbas ir kas \u012bpa\u0161s un ma\u0123isks. \u013boti skaists, \u013coti personisks un \u013coti sp\u0113c\u012bgs notikums. Ar pareizu atbalstu un uzmundrin\u0101jumu t\u0101s var k\u013c\u016bt par emocion\u0101lu, m\u012blest\u012bbas un siltuma <a class=\"more-link\" href=\"https:\/\/doulafranhjartat.se\/index.php\/lv\/par-mani-latviesu-valoda\/\">Continue reading <i class=\"fa fa-chevron-right\"><\/i><\/a><\/p>\n","protected":false},"author":1,"featured_media":0,"parent":0,"menu_order":0,"comment_status":"closed","ping_status":"closed","template":"","meta":{"om_disable_all_campaigns":false,"_monsterinsights_skip_tracking":false,"_monsterinsights_sitenote_active":false,"_monsterinsights_sitenote_note":"","_monsterinsights_sitenote_category":0,"_uf_show_specific_survey":0,"_uf_disable_surveys":false,"footnotes":""},"class_list":["post-66","page","type-page","status-publish","hentry"],"aioseo_notices":[],"_links":{"self":[{"href":"https:\/\/doulafranhjartat.se\/index.php\/wp-json\/wp\/v2\/pages\/66","targetHints":{"allow":["GET"]}}],"collection":[{"href":"https:\/\/doulafranhjartat.se\/index.php\/wp-json\/wp\/v2\/pages"}],"about":[{"href":"https:\/\/doulafranhjartat.se\/index.php\/wp-json\/wp\/v2\/types\/page"}],"author":[{"embeddable":true,"href":"https:\/\/doulafranhjartat.se\/index.php\/wp-json\/wp\/v2\/users\/1"}],"replies":[{"embeddable":true,"href":"https:\/\/doulafranhjartat.se\/index.php\/wp-json\/wp\/v2\/comments?post=66"}],"version-history":[{"count":10,"href":"https:\/\/doulafranhjartat.se\/index.php\/wp-json\/wp\/v2\/pages\/66\/revisions"}],"predecessor-version":[{"id":392,"href":"https:\/\/doulafranhjartat.se\/index.php\/wp-json\/wp\/v2\/pages\/66\/revisions\/392"}],"wp:attachment":[{"href":"https:\/\/doulafranhjartat.se\/index.php\/wp-json\/wp\/v2\/media?parent=66"}],"curies":[{"name":"wp","href":"https:\/\/api.w.org\/{rel}","templated":true}]}}