{"id":275,"date":"2021-01-24T13:13:47","date_gmt":"2021-01-24T12:13:47","guid":{"rendered":"https:\/\/doulafranhjartat.se\/?page_id=275"},"modified":"2026-02-05T09:17:01","modified_gmt":"2026-02-05T08:17:01","slug":"cenas","status":"publish","type":"page","link":"https:\/\/doulafranhjartat.se\/index.php\/lv\/cenas\/","title":{"rendered":"Cenas"},"content":{"rendered":"\n<div class=\"entry-content\">\n<p>Pirm\u0101 iepaz\u012b\u0161an\u0101s tik\u0161an\u0101s vienm\u0113r bezmaksas.<\/p>\n<h3>D\u016bla, atbalsts dzemd\u012bb\u0101s<\/h3>\n<p>Ietilpst:<\/p>\n<ul>\n<li>Pirmsdzemd\u012bbu sagatavo\u0161an\u0101s saruna (2-3h)<\/li>\n<li>Atbalsts dzemd\u012bbu laik\u0101<\/li>\n<li>P\u0113cdzemd\u012bbu saruna, postpartum (2h)<\/li>\n<li>24 stundu de\u017e\u016bras laiks 2 ned\u0113\u013cas pirms un 2 ned\u0113\u013cas p\u0113c noteikt\u0101 dzemd\u012bbu datuma<\/li>\n<\/ul>\n<p>Cena: SEK 11000<\/p>\n<h3>Ak\u016bts d\u016blas atbalsts dzemd\u012bb\u0101s<\/h3>\n<p>P\u0113k\u0161\u0146s atbalsts dzemd\u012bb\u0101s bez iepriek\u0161\u0113jas sagatavo\u0161an\u0101s. Zvani un jaut\u0101, vai ir iesp\u0113ja \u0161o pakalpojumu sa\u0146emt. Viss atkar\u012bgs no attiec\u012bg\u0101 br\u012b\u017ea apst\u0101k\u013ciem.<\/p>\n<p>Cena: SEK 6000<\/p>\n<h3>Pirmsdzemd\u012bbu sagatavo\u0161an\u0101s saruna (2-3h), atsevi\u0161\u0137i<\/h3>\n<p>Cena: SEK 3500<\/p>\n<h3>P\u0113cdzemd\u012bbu saruna, postpartum<\/h3>\n<p>Cena: SEK 2500<\/p>\n<h3>Papildus saruna<\/h3>\n<p>Cena: SEK 280 par stundu<\/p>\n<h3>P\u0113cdzemd\u012bbu apr\u016bpes ritu\u0101ls ar rebozo lakatiem \u201cClosing of the Bones\u201d<\/h3>\n<p>Cena: SEK 2500<\/p>\n<h3>Dzemd\u012bbu baseina <strong>Birth Pool in a Box Regular<\/strong> \u012bre<\/h3>\n<p>Cena: SEK 2000 par 5 ned\u0113\u013c\u0101m<\/p>\n<\/div>\n","protected":false},"excerpt":{"rendered":"<p>Pirm\u0101 iepaz\u012b\u0161an\u0101s tik\u0161an\u0101s vienm\u0113r bezmaksas. D\u016bla, atbalsts dzemd\u012bb\u0101s Ietilpst: Pirmsdzemd\u012bbu sagatavo\u0161an\u0101s saruna (2-3h) Atbalsts dzemd\u012bbu laik\u0101 P\u0113cdzemd\u012bbu saruna, postpartum (2h) 24 stundu de\u017e\u016bras laiks 2 ned\u0113\u013cas pirms un 2 ned\u0113\u013cas p\u0113c noteikt\u0101 dzemd\u012bbu datuma Cena: SEK 11000 Ak\u016bts d\u016blas atbalsts dzemd\u012bb\u0101s P\u0113k\u0161\u0146s atbalsts dzemd\u012bb\u0101s bez iepriek\u0161\u0113jas sagatavo\u0161an\u0101s. Zvani un jaut\u0101, vai ir iesp\u0113ja \u0161o pakalpojumu <a class=\"more-link\" href=\"https:\/\/doulafranhjartat.se\/index.php\/lv\/cenas\/\">Continue reading <i class=\"fa fa-chevron-right\"><\/i><\/a><\/p>\n","protected":false},"author":1,"featured_media":0,"parent":0,"menu_order":0,"comment_status":"closed","ping_status":"closed","template":"","meta":{"om_disable_all_campaigns":false,"_monsterinsights_skip_tracking":false,"_monsterinsights_sitenote_active":false,"_monsterinsights_sitenote_note":"","_monsterinsights_sitenote_category":0,"_uf_show_specific_survey":0,"_uf_disable_surveys":false,"footnotes":""},"class_list":["post-275","page","type-page","status-publish","hentry"],"aioseo_notices":[],"_links":{"self":[{"href":"https:\/\/doulafranhjartat.se\/index.php\/wp-json\/wp\/v2\/pages\/275","targetHints":{"allow":["GET"]}}],"collection":[{"href":"https:\/\/doulafranhjartat.se\/index.php\/wp-json\/wp\/v2\/pages"}],"about":[{"href":"https:\/\/doulafranhjartat.se\/index.php\/wp-json\/wp\/v2\/types\/page"}],"author":[{"embeddable":true,"href":"https:\/\/doulafranhjartat.se\/index.php\/wp-json\/wp\/v2\/users\/1"}],"replies":[{"embeddable":true,"href":"https:\/\/doulafranhjartat.se\/index.php\/wp-json\/wp\/v2\/comments?post=275"}],"version-history":[{"count":9,"href":"https:\/\/doulafranhjartat.se\/index.php\/wp-json\/wp\/v2\/pages\/275\/revisions"}],"predecessor-version":[{"id":420,"href":"https:\/\/doulafranhjartat.se\/index.php\/wp-json\/wp\/v2\/pages\/275\/revisions\/420"}],"wp:attachment":[{"href":"https:\/\/doulafranhjartat.se\/index.php\/wp-json\/wp\/v2\/media?parent=275"}],"curies":[{"name":"wp","href":"https:\/\/api.w.org\/{rel}","templated":true}]}}