{"id":265,"date":"2021-01-24T12:50:29","date_gmt":"2021-01-24T11:50:29","guid":{"rendered":"https:\/\/doulafranhjartat.se\/?page_id=265"},"modified":"2021-01-24T12:50:30","modified_gmt":"2021-01-24T11:50:30","slug":"postpartum-aprupes-rituals-ar-rebozo-lakatiem-closing-of-the-bones","status":"publish","type":"page","link":"https:\/\/doulafranhjartat.se\/index.php\/lv\/pakalpojumi\/postpartum-aprupes-rituals-ar-rebozo-lakatiem-closing-of-the-bones\/","title":{"rendered":"Postpartum apr\u016bpes ritu\u0101ls  ar Rebozo lakatiem \u201cClosing of the Bones\u201d"},"content":{"rendered":"\n<div class=\"entry-content\">\n<p style=\"text-align: justify;\">Gr\u016btniec\u012bbas un dzemd\u012bbu laik\u0101 sieviete atveras gan fiziski, gan emocion\u0101li. Fizisk\u0101 atv\u0113r\u0161an\u0101s notiek dzemd\u012bb\u0101s, lai laistu pasaul\u0113 mazuli. Savuk\u0101rt emocion\u0101l\u0101 atv\u0113r\u0161an\u0101s notiek pamaz\u0101m gr\u016btniec\u012bbas laik\u0101, bet vissp\u0113c\u012bg\u0101k tie\u0161i dzemd\u012bb\u0101s, kad m\u0101tes un l\u012bdz ar to ar\u012b b\u0113rna \u0137ermen\u012b izpl\u016bst \u013coti liels daudzums oksitoc\u012bna, kas atbild par emocion\u0101l\u0101s saites izveidi, kas ir \u013coti b\u016btiska mazu\u013ca izdz\u012bvo\u0161anai. Tie\u0161i \u0161\u012b saite (m\u0101tes m\u012blest\u012bba) no pirm\u0101 acu skata nodro\u0161ina m\u0101tes r\u016bpes par savu jaundzimu\u0161o, gan barojot, gan apm\u012b\u013cojot, gan sarg\u0101jot no jebk\u0101d\u0101m briesm\u0101m.<\/p>\n<p style=\"text-align: justify;\">\u0160\u0101da sievietes atv\u0113r\u0161an\u0101s gan \u0137ermenim, gan dv\u0113selei jeb emocion\u0101lajam st\u0101voklim ir \u013coti nogurdino\u0161a. T\u0101s laik\u0101 jaun\u0101 m\u0101mi\u0146a pati ir \u013coti neaizsarg\u0101ta.<\/p>\n<p style=\"text-align: justify;\">Closing of the bones ritu\u0101ls ir sena metode, ar kuras pal\u012bdz\u012bbu atg\u016bt balansu sievietes emocion\u0101laj\u0101 pasaul\u0113, k\u0101 ar\u012b \u0137ermen\u012b, musku\u013cos, sait\u0113s un iegurn\u012b. T\u0101 ir iet\u012b\u0161anas metode, kur\u0101 izmanto mas\u0101\u017eu un Rebozo \u0161alles.<\/p>\n<\/div>\n","protected":false},"excerpt":{"rendered":"<p>Gr\u016btniec\u012bbas un dzemd\u012bbu laik\u0101 sieviete atveras gan fiziski, gan emocion\u0101li. Fizisk\u0101 atv\u0113r\u0161an\u0101s notiek dzemd\u012bb\u0101s, lai laistu pasaul\u0113 mazuli. Savuk\u0101rt emocion\u0101l\u0101 atv\u0113r\u0161an\u0101s notiek pamaz\u0101m gr\u016btniec\u012bbas laik\u0101, bet vissp\u0113c\u012bg\u0101k tie\u0161i dzemd\u012bb\u0101s, kad m\u0101tes un l\u012bdz ar to ar\u012b b\u0113rna \u0137ermen\u012b izpl\u016bst \u013coti liels daudzums oksitoc\u012bna, kas atbild par emocion\u0101l\u0101s saites izveidi, kas ir \u013coti b\u016btiska mazu\u013ca izdz\u012bvo\u0161anai. <a class=\"more-link\" href=\"https:\/\/doulafranhjartat.se\/index.php\/lv\/pakalpojumi\/postpartum-aprupes-rituals-ar-rebozo-lakatiem-closing-of-the-bones\/\">Continue reading <i class=\"fa fa-chevron-right\"><\/i><\/a><\/p>\n","protected":false},"author":1,"featured_media":0,"parent":248,"menu_order":0,"comment_status":"closed","ping_status":"closed","template":"","meta":{"om_disable_all_campaigns":false,"_monsterinsights_skip_tracking":false,"_monsterinsights_sitenote_active":false,"_monsterinsights_sitenote_note":"","_monsterinsights_sitenote_category":0,"_uf_show_specific_survey":0,"_uf_disable_surveys":false,"footnotes":""},"class_list":["post-265","page","type-page","status-publish","hentry"],"aioseo_notices":[],"_links":{"self":[{"href":"https:\/\/doulafranhjartat.se\/index.php\/wp-json\/wp\/v2\/pages\/265","targetHints":{"allow":["GET"]}}],"collection":[{"href":"https:\/\/doulafranhjartat.se\/index.php\/wp-json\/wp\/v2\/pages"}],"about":[{"href":"https:\/\/doulafranhjartat.se\/index.php\/wp-json\/wp\/v2\/types\/page"}],"author":[{"embeddable":true,"href":"https:\/\/doulafranhjartat.se\/index.php\/wp-json\/wp\/v2\/users\/1"}],"replies":[{"embeddable":true,"href":"https:\/\/doulafranhjartat.se\/index.php\/wp-json\/wp\/v2\/comments?post=265"}],"version-history":[{"count":4,"href":"https:\/\/doulafranhjartat.se\/index.php\/wp-json\/wp\/v2\/pages\/265\/revisions"}],"predecessor-version":[{"id":270,"href":"https:\/\/doulafranhjartat.se\/index.php\/wp-json\/wp\/v2\/pages\/265\/revisions\/270"}],"up":[{"embeddable":true,"href":"https:\/\/doulafranhjartat.se\/index.php\/wp-json\/wp\/v2\/pages\/248"}],"wp:attachment":[{"href":"https:\/\/doulafranhjartat.se\/index.php\/wp-json\/wp\/v2\/media?parent=265"}],"curies":[{"name":"wp","href":"https:\/\/api.w.org\/{rel}","templated":true}]}}