{"id":259,"date":"2021-01-24T12:49:09","date_gmt":"2021-01-24T11:49:09","guid":{"rendered":"https:\/\/doulafranhjartat.se\/?page_id=259"},"modified":"2021-01-24T12:49:10","modified_gmt":"2021-01-24T11:49:10","slug":"pecdzemdibu-saruna-postpartum","status":"publish","type":"page","link":"https:\/\/doulafranhjartat.se\/index.php\/lv\/pakalpojumi\/pecdzemdibu-saruna-postpartum\/","title":{"rendered":"P\u0113cdzemd\u012bbu saruna, postpartum"},"content":{"rendered":"\n<p style=\"text-align: justify;\">P\u0113cdzemd\u012bbu sarunas ir tik\u0161an\u0101s, kuru varam pavad\u012bt, piel\u0101gojoties j\u016bsu vajadz\u012bb\u0101m, t.i. velt\u012bt vair\u0101k laiku t\u0101m sada\u013c\u0101m, kas jums \u0161\u0137iet svar\u012bg\u0101kas.<\/p>\n<p style=\"text-align: justify;\">Tik\u0161anos vienm\u0113r s\u0101kam ar sarunu par dzemd\u012bb\u0101m un to gaitu. M\u0113s p\u0101rrun\u0101jam, k\u0101 taj\u0101s ir g\u0101jis, kop\u012bgi saliekam visus puzles gabali\u0146us, kas pa\u0161iem ne vienm\u0113r izdodas, un atrodam skaist\u0101kos momentus taj\u0101s. P\u0101rrun\u0101jam gr\u016bt\u0101kos br\u012b\u017eus un atrodam atbildes uz jaut\u0101jumiem, kas uzausu\u0161i jau m\u0101j\u0101s esot.<\/p>\n<p style=\"text-align: justify;\">Ja nepiecie\u0161ams, labpr\u0101t padalos ar prakstiskiem padomiem mazul\u012b\u0161a apr\u016bp\u0113 un baro\u0161an\u0101, ikdienas pl\u0101no\u0161an\u0101.<\/p>\n<p style=\"text-align: justify;\">V\u0113l es esmu j\u016bsu r\u012bc\u012bb\u0101, ja nepiecie\u0161ama k\u0101da cita veida pal\u012bdz\u012bba ikdienas atslogo\u0161anai &#8211; vienk\u0101r\u0161\u0101ka t\u012br\u012b\u0161ana, \u0113diena pagatavo\u0161ana, dr\u0113bju, trauku mazg\u0101\u0161ana vai mazul\u012b\u0161a paaukl\u0113\u0161ana, kam\u0113r j\u016bs atp\u016b\u0161aties, ieejat du\u0161\u0101 vai vienk\u0101r\u0161i pabaud\u0101t mirkli tikai sev. Varu iziet ar b\u0113b\u012bti pastaig\u0101.<\/p>\n<p>\u00a0<\/p>\n","protected":false},"excerpt":{"rendered":"<p>P\u0113cdzemd\u012bbu sarunas ir tik\u0161an\u0101s, kuru varam pavad\u012bt, piel\u0101gojoties j\u016bsu vajadz\u012bb\u0101m, t.i. velt\u012bt vair\u0101k laiku t\u0101m sada\u013c\u0101m, kas jums \u0161\u0137iet svar\u012bg\u0101kas. Tik\u0161anos vienm\u0113r s\u0101kam ar sarunu par dzemd\u012bb\u0101m un to gaitu. M\u0113s p\u0101rrun\u0101jam, k\u0101 taj\u0101s ir g\u0101jis, kop\u012bgi saliekam visus puzles gabali\u0146us, kas pa\u0161iem ne vienm\u0113r izdodas, un atrodam skaist\u0101kos momentus taj\u0101s. P\u0101rrun\u0101jam gr\u016bt\u0101kos br\u012b\u017eus un <a class=\"more-link\" href=\"https:\/\/doulafranhjartat.se\/index.php\/lv\/pakalpojumi\/pecdzemdibu-saruna-postpartum\/\">Continue reading <i class=\"fa fa-chevron-right\"><\/i><\/a><\/p>\n","protected":false},"author":1,"featured_media":0,"parent":248,"menu_order":0,"comment_status":"closed","ping_status":"closed","template":"","meta":{"om_disable_all_campaigns":false,"_monsterinsights_skip_tracking":false,"_monsterinsights_sitenote_active":false,"_monsterinsights_sitenote_note":"","_monsterinsights_sitenote_category":0,"_uf_show_specific_survey":0,"_uf_disable_surveys":false,"footnotes":""},"class_list":["post-259","page","type-page","status-publish","hentry"],"aioseo_notices":[],"_links":{"self":[{"href":"https:\/\/doulafranhjartat.se\/index.php\/wp-json\/wp\/v2\/pages\/259","targetHints":{"allow":["GET"]}}],"collection":[{"href":"https:\/\/doulafranhjartat.se\/index.php\/wp-json\/wp\/v2\/pages"}],"about":[{"href":"https:\/\/doulafranhjartat.se\/index.php\/wp-json\/wp\/v2\/types\/page"}],"author":[{"embeddable":true,"href":"https:\/\/doulafranhjartat.se\/index.php\/wp-json\/wp\/v2\/users\/1"}],"replies":[{"embeddable":true,"href":"https:\/\/doulafranhjartat.se\/index.php\/wp-json\/wp\/v2\/comments?post=259"}],"version-history":[{"count":2,"href":"https:\/\/doulafranhjartat.se\/index.php\/wp-json\/wp\/v2\/pages\/259\/revisions"}],"predecessor-version":[{"id":263,"href":"https:\/\/doulafranhjartat.se\/index.php\/wp-json\/wp\/v2\/pages\/259\/revisions\/263"}],"up":[{"embeddable":true,"href":"https:\/\/doulafranhjartat.se\/index.php\/wp-json\/wp\/v2\/pages\/248"}],"wp:attachment":[{"href":"https:\/\/doulafranhjartat.se\/index.php\/wp-json\/wp\/v2\/media?parent=259"}],"curies":[{"name":"wp","href":"https:\/\/api.w.org\/{rel}","templated":true}]}}