{"id":253,"date":"2021-01-24T12:47:57","date_gmt":"2021-01-24T11:47:57","guid":{"rendered":"https:\/\/doulafranhjartat.se\/?page_id=253"},"modified":"2021-01-24T12:47:59","modified_gmt":"2021-01-24T11:47:59","slug":"pirmsdzemdibu-sagatvosanas-saruna","status":"publish","type":"page","link":"https:\/\/doulafranhjartat.se\/index.php\/lv\/pakalpojumi\/pirmsdzemdibu-sagatvosanas-saruna\/","title":{"rendered":"Pirmsdzemd\u012bbu sagatvo\u0161an\u0101s saruna"},"content":{"rendered":"\n<div class=\"entry-content\">\n<p style=\"text-align: justify;\">(2-3 stundas)<\/p>\n<p style=\"text-align: justify;\">\u0160\u012bs sarunas laik\u0101 m\u0113s izrun\u0101jam dzemd\u012bbu (bezkomplik\u0101ciju) gaitu pa posmiem, izce\u013cot katram no tiem rakstur\u012bg\u0101k\u0101s iez\u012bmes. M\u0113s varam ar\u012b nedaudz pieskarties da\u017e\u0101du medic\u012bnisku darb\u012bbu pielieto\u0161anai, kas nepiecie\u0161amas, ja mamma vai mazulis s\u0101k par daudz piekust vai rodas citi sare\u017e\u0123\u012bjumi.<\/p>\n<p style=\"text-align: justify;\">Es past\u0101stu par ats\u0101pin\u0101\u0161anas metod\u0113m, kuras var pielietot dzemd\u012bbu laik\u0101, gan dab\u012bg\u0101m (bezmedikamentu), gan medic\u012bnisk\u0101m. Izrun\u0101jam to plusus un m\u012bnusus.<\/p>\n<p style=\"text-align: justify;\">M\u0113s izm\u0113\u0123in\u0101m da\u017eadus prakstikus vingrin\u0101jumus, atbalsta veidus, pozas, kas dzemd\u012bbu laik\u0101 pal\u012bdz sievietei darb\u0101 ar dzemd\u012bbu kontrakcij\u0101m\/s\u0101p\u0113m.<\/p>\n<p style=\"text-align: justify;\">M\u0113s izrun\u0101jam j\u016bsu sap\u0146u dzemd\u012bbu norisi un sast\u0101d\u0101m pl\u0101nu B, ja nu kaut kas nenorit tie\u0161i t\u0101, k\u0101 j\u016bs to visvair\u0101k v\u0113l\u0113tos.<\/p>\n<p style=\"text-align: justify;\">Es labpr\u0101t uzklausu j\u016bsu v\u0113lmes attiec\u012bb\u0101 uz mani k\u0101 d\u016blu, kas ir tas, ko j\u016bs sagaid\u0101t un ko v\u0113laties, lai es noteikti daru (ja esat mani nol\u012bgu\u0161i atbalstam dzemd\u012bb\u0101s).<\/p>\n<p>\u00a0<\/p>\n<\/div>\n","protected":false},"excerpt":{"rendered":"<p>(2-3 stundas) \u0160\u012bs sarunas laik\u0101 m\u0113s izrun\u0101jam dzemd\u012bbu (bezkomplik\u0101ciju) gaitu pa posmiem, izce\u013cot katram no tiem rakstur\u012bg\u0101k\u0101s iez\u012bmes. M\u0113s varam ar\u012b nedaudz pieskarties da\u017e\u0101du medic\u012bnisku darb\u012bbu pielieto\u0161anai, kas nepiecie\u0161amas, ja mamma vai mazulis s\u0101k par daudz piekust vai rodas citi sare\u017e\u0123\u012bjumi. Es past\u0101stu par ats\u0101pin\u0101\u0161anas metod\u0113m, kuras var pielietot dzemd\u012bbu laik\u0101, gan dab\u012bg\u0101m (bezmedikamentu), gan <a class=\"more-link\" href=\"https:\/\/doulafranhjartat.se\/index.php\/lv\/pakalpojumi\/pirmsdzemdibu-sagatvosanas-saruna\/\">Continue reading <i class=\"fa fa-chevron-right\"><\/i><\/a><\/p>\n","protected":false},"author":1,"featured_media":0,"parent":248,"menu_order":0,"comment_status":"closed","ping_status":"closed","template":"","meta":{"om_disable_all_campaigns":false,"_monsterinsights_skip_tracking":false,"_monsterinsights_sitenote_active":false,"_monsterinsights_sitenote_note":"","_monsterinsights_sitenote_category":0,"_uf_show_specific_survey":0,"_uf_disable_surveys":false,"footnotes":""},"class_list":["post-253","page","type-page","status-publish","hentry"],"aioseo_notices":[],"_links":{"self":[{"href":"https:\/\/doulafranhjartat.se\/index.php\/wp-json\/wp\/v2\/pages\/253","targetHints":{"allow":["GET"]}}],"collection":[{"href":"https:\/\/doulafranhjartat.se\/index.php\/wp-json\/wp\/v2\/pages"}],"about":[{"href":"https:\/\/doulafranhjartat.se\/index.php\/wp-json\/wp\/v2\/types\/page"}],"author":[{"embeddable":true,"href":"https:\/\/doulafranhjartat.se\/index.php\/wp-json\/wp\/v2\/users\/1"}],"replies":[{"embeddable":true,"href":"https:\/\/doulafranhjartat.se\/index.php\/wp-json\/wp\/v2\/comments?post=253"}],"version-history":[{"count":3,"href":"https:\/\/doulafranhjartat.se\/index.php\/wp-json\/wp\/v2\/pages\/253\/revisions"}],"predecessor-version":[{"id":300,"href":"https:\/\/doulafranhjartat.se\/index.php\/wp-json\/wp\/v2\/pages\/253\/revisions\/300"}],"up":[{"embeddable":true,"href":"https:\/\/doulafranhjartat.se\/index.php\/wp-json\/wp\/v2\/pages\/248"}],"wp:attachment":[{"href":"https:\/\/doulafranhjartat.se\/index.php\/wp-json\/wp\/v2\/media?parent=253"}],"curies":[{"name":"wp","href":"https:\/\/api.w.org\/{rel}","templated":true}]}}