{"id":250,"date":"2021-01-13T07:43:47","date_gmt":"2021-01-13T06:43:47","guid":{"rendered":"https:\/\/doulafranhjartat.se\/?page_id=250"},"modified":"2021-01-24T12:46:22","modified_gmt":"2021-01-24T11:46:22","slug":"dula-dzemdibu-atbalsts","status":"publish","type":"page","link":"https:\/\/doulafranhjartat.se\/index.php\/lv\/pakalpojumi\/dula-dzemdibu-atbalsts\/","title":{"rendered":"D\u016bla, dzemd\u012bbu atbalsts"},"content":{"rendered":"\n<p style=\"text-align: justify;\">Nol\u012bgstot mani par savu d\u016blu, j\u016bs sa\u0146emat pilnu atbalstu j\u016bsu dz\u012bves \u012bpa\u0161ajam notikumam.<\/p>\n<p style=\"text-align: justify;\">D\u016blas pakalpojum\u0101 ietilpst pirmsdzemd\u012bbu sagatavo\u0161an\u0101s saruna, kur\u0101 m\u0113s kop\u012bgi izrun\u0101jam norm\u0101lu dzemd\u012bbu gaitu, da\u017e\u0101d\u0101s ats\u0101pin\u0101\u0161anas metodes, j\u016bsu v\u0113lmes attiec\u012bb\u0101 uz mani k\u0101 j\u016bsu d\u016blu, k\u0101 ar\u012b visu citu, kas jums \u0161\u0137iet svar\u012bgs pirms dzemd\u012bb\u0101m. P\u0113c \u0161\u012bs sarunas j\u016bs mani vienm\u0113r varat sasniegt zvanot vai rakstot.<\/p>\n<p style=\"text-align: justify;\">Divas ned\u0113\u013cas pirms un divas ned\u0113\u013cas p\u0113c apr\u0113\u0137in\u0101t\u0101 dzemd\u012bbu datuma man ir de\u017e\u016brlaiks, kura laik\u0101 es nodro\u0161inu jums iesp\u0113ju ar mani sazin\u0101ties jebkur\u0101 diennakts laik\u0101.<\/p>\n<p style=\"text-align: justify;\">Dzemd\u012bbu laik\u0101 viss mans laiks pieder jums. Pirm\u0101s (latent\u0101s) f\u0101zes laik\u0101 m\u0113s varam sarun\u0101t strat\u0113\u0123iju att\u0101lin\u0101ti, ja jums \u0161\u0137iet, ka labi tiekat gal\u0101 pa\u0161i. Tom\u0113r, ja ir satraukums vai v\u0113laties manu kl\u0101tb\u016btni jau tad, varu b\u016bt pie jums. Akt\u012bv\u0101s f\u0101zes laik\u0101 j\u0101gatavojas doties uz slimn\u012bcu (ja nav pl\u0101notas m\u0101jdzemd\u012bbas), uz kuru tad m\u0113s dodamies kop\u0101 vai satiekamies tur. Es str\u0101d\u0101ju ar jums kop\u0101 l\u012bdz pat br\u012bdim, kad esat savu mazul\u012bti sagaid\u012bju\u0161i \u0161aj\u0101 pasaul\u0113, un palieku tik ilgi, cik j\u016bs to v\u0113laties.<\/p>\n<p style=\"text-align: justify;\">M\u0113s tiekamies v\u0113l vienu reizi pie jums m\u0101j\u0101s p\u0113cdzemd\u012bbu sarun\u0101, kad esat pasp\u0113ju\u0161i jau mazliet uzs\u0101kt savu jauno, skaisto \u0123imenes dz\u012bvi un nedaudz iejutu\u0161ies jaunajos apst\u0101k\u013cos un pien\u0101kumos (parasti pirm\u0101s ned\u0113\u013cas laik\u0101 p\u0113c dzemd\u012bb\u0101m). \u0160aj\u0101 reiz\u0113 m\u0113s kop\u012bgi saliekam dzemd\u012bbu norises puzli, p\u0101rrun\u0101jam j\u016bsu t\u0101 br\u012b\u017ea saj\u016btas un es pal\u012bdzu ar padomiem un praktisku atbalstu liet\u0101s, kas varb\u016bt v\u0113l tik labi nepadodas vai nav \u012bsti skaidras jaunaj\u0101 amat\u0101. Es varu ar\u012b uz br\u012bdi pieskat\u012bt mazul\u012bti, ja jums nepiecie\u0161ams neliels atp\u016btas br\u012bdis vai du\u0161a vai pal\u012bdz\u0113t ar k\u0101du citu praktisku darbi\u0146u.<\/p>\n<p>\u00a0<\/p>\n","protected":false},"excerpt":{"rendered":"<p>Nol\u012bgstot mani par savu d\u016blu, j\u016bs sa\u0146emat pilnu atbalstu j\u016bsu dz\u012bves \u012bpa\u0161ajam notikumam. D\u016blas pakalpojum\u0101 ietilpst pirmsdzemd\u012bbu sagatavo\u0161an\u0101s saruna, kur\u0101 m\u0113s kop\u012bgi izrun\u0101jam norm\u0101lu dzemd\u012bbu gaitu, da\u017e\u0101d\u0101s ats\u0101pin\u0101\u0161anas metodes, j\u016bsu v\u0113lmes attiec\u012bb\u0101 uz mani k\u0101 j\u016bsu d\u016blu, k\u0101 ar\u012b visu citu, kas jums \u0161\u0137iet svar\u012bgs pirms dzemd\u012bb\u0101m. P\u0113c \u0161\u012bs sarunas j\u016bs mani vienm\u0113r varat sasniegt <a class=\"more-link\" href=\"https:\/\/doulafranhjartat.se\/index.php\/lv\/pakalpojumi\/dula-dzemdibu-atbalsts\/\">Continue reading <i class=\"fa fa-chevron-right\"><\/i><\/a><\/p>\n","protected":false},"author":1,"featured_media":0,"parent":248,"menu_order":0,"comment_status":"closed","ping_status":"closed","template":"","meta":{"om_disable_all_campaigns":false,"_monsterinsights_skip_tracking":false,"_monsterinsights_sitenote_active":false,"_monsterinsights_sitenote_note":"","_monsterinsights_sitenote_category":0,"_uf_show_specific_survey":0,"_uf_disable_surveys":false,"footnotes":""},"class_list":["post-250","page","type-page","status-publish","hentry"],"aioseo_notices":[],"_links":{"self":[{"href":"https:\/\/doulafranhjartat.se\/index.php\/wp-json\/wp\/v2\/pages\/250","targetHints":{"allow":["GET"]}}],"collection":[{"href":"https:\/\/doulafranhjartat.se\/index.php\/wp-json\/wp\/v2\/pages"}],"about":[{"href":"https:\/\/doulafranhjartat.se\/index.php\/wp-json\/wp\/v2\/types\/page"}],"author":[{"embeddable":true,"href":"https:\/\/doulafranhjartat.se\/index.php\/wp-json\/wp\/v2\/users\/1"}],"replies":[{"embeddable":true,"href":"https:\/\/doulafranhjartat.se\/index.php\/wp-json\/wp\/v2\/comments?post=250"}],"version-history":[{"count":4,"href":"https:\/\/doulafranhjartat.se\/index.php\/wp-json\/wp\/v2\/pages\/250\/revisions"}],"predecessor-version":[{"id":323,"href":"https:\/\/doulafranhjartat.se\/index.php\/wp-json\/wp\/v2\/pages\/250\/revisions\/323"}],"up":[{"embeddable":true,"href":"https:\/\/doulafranhjartat.se\/index.php\/wp-json\/wp\/v2\/pages\/248"}],"wp:attachment":[{"href":"https:\/\/doulafranhjartat.se\/index.php\/wp-json\/wp\/v2\/media?parent=250"}],"curies":[{"name":"wp","href":"https:\/\/api.w.org\/{rel}","templated":true}]}}