{"id":2,"date":"2020-12-01T16:21:33","date_gmt":"2020-12-01T14:21:33","guid":{"rendered":"http:\/\/ugisl-swe.ddns.net\/?page_id=2"},"modified":"2021-03-07T00:00:56","modified_gmt":"2021-03-06T23:00:56","slug":"paraug-lapa","status":"publish","type":"page","link":"https:\/\/doulafranhjartat.se\/","title":{"rendered":"Hem"},"content":{"rendered":"\n<p style=\"text-align: justify;\"><img decoding=\"async\" class=\"alignleft\" src=\"https:\/\/doulafranhjartat.se\/wp-content\/uploads\/2021\/01\/Sakuma_bilde-768x1272.jpg\" sizes=\"(min-width: 481px) 181px, \n    40vw\" srcset=\"https:\/\/doulafranhjartat.se\/wp-content\/uploads\/2021\/01\/Sakuma_bilde-927x1536.jpg 927w, \n    https:\/\/doulafranhjartat.se\/wp-content\/uploads\/2021\/01\/Sakuma_bilde-768x1272.jpg 768w\" alt=\"image alt\" \/> Grattis! Du har tagit ditt livs viktigaste beslut och kanske redan nu v\u00e4ntar p\u00e5 ditt f\u00f6rsta eller n\u00e4sta gl\u00e4djegivande lilla barn. Det \u00e4r det finaste man kan ha! Och en f\u00f6rlossning \u00e4r en magisk upplevelse man f\u00e5r ta del i. Med r\u00e4tt st\u00f6d och uppmuntran kan det bli ett varmt minne. Det \u00e4r d\u00e4rf\u00f6r har jag blivit en doula. Jag vill hj\u00e4lpa dig och din partner att f\u00e5 den fina upplevelsen.<\/p>\n<p style=\"text-align: justify;\">Jag sj\u00e4lv har tre barn. Alla f\u00f6rlossningar har varit olika. Och utan en doula. Nu vet jag, om det blir en till vill jag ha en doula med oss.<\/p>\n<p style=\"text-align: justify;\">Jag har utbildat mig med &#8220;F\u00f6da utan r\u00e4dsla&#8221; metoder. D\u00e4r anv\u00e4nder man fyra verktyg f\u00f6r att st\u00f6dja och st\u00e4rka kroppens inbyggda f\u00f6rm\u00e5gor och kunnighet att f\u00f6da barn. Tillsammans med kvinnan och hennes partner hittar man det r\u00e4tta och b\u00e4st passande metoden och strategin.<\/p>\n<p style=\"text-align: justify;\">V\u00e4ljer ni att ha mig med er, ordnar vi en tr\u00e4ff f\u00f6r att prata igenom allt det som \u00e4r viktigt f\u00f6r er innan f\u00f6rlossningen. Sedan \u00e4r jag med er n\u00e4r det blir dags att v\u00e4lkomna bebis till v\u00e4rlden (hemma och p\u00e5 sjukhus eller bara p\u00e5 sjukhus) och efter det f\u00e5r vi tr\u00e4ffas alla tillsammans under den f\u00f6rsta veckan efter f\u00f6rlossningen f\u00f6r att prata igenom den. Ni kan f\u00e5 hj\u00e4lp \u00e4ven med andra fr\u00e5gor som har uppkommit under hemmavistelsen.<\/p>\n<p style=\"text-align: justify;\">Jag \u00e4r verksam i Stockholm och Uppsala l\u00e4n och jobbar p\u00e5 tre spr\u00e5k &#8211; svenska lettiska och ryska. Om n\u00e5gon av er pratar engelska men \u00e4ven n\u00e5got svenska, klarar vi oss utm\u00e4rkt \u00e4ven d\u00e5. Jag jobbar p\u00e5 att f\u00e5 tillbaka min engelska p\u00e5 r\u00e4tt niv\u00e5.<\/p>\n\n\n\n<p><\/p>\n","protected":false},"excerpt":{"rendered":"<p>Grattis! Du har tagit ditt livs viktigaste beslut och kanske redan nu v\u00e4ntar p\u00e5 ditt f\u00f6rsta eller n\u00e4sta gl\u00e4djegivande lilla barn. Det \u00e4r det finaste man kan ha! Och en f\u00f6rlossning \u00e4r en magisk upplevelse man f\u00e5r ta del i. Med r\u00e4tt st\u00f6d och uppmuntran kan det bli ett varmt minne. Det \u00e4r d\u00e4rf\u00f6r har <a class=\"more-link\" href=\"https:\/\/doulafranhjartat.se\/\">Continue reading <i class=\"fa fa-chevron-right\"><\/i><\/a><\/p>\n","protected":false},"author":1,"featured_media":0,"parent":0,"menu_order":0,"comment_status":"closed","ping_status":"open","template":"","meta":{"om_disable_all_campaigns":false,"_monsterinsights_skip_tracking":false,"_monsterinsights_sitenote_active":false,"_monsterinsights_sitenote_note":"","_monsterinsights_sitenote_category":0,"_uf_show_specific_survey":0,"_uf_disable_surveys":false,"footnotes":""},"class_list":["post-2","page","type-page","status-publish","hentry"],"aioseo_notices":[],"_links":{"self":[{"href":"https:\/\/doulafranhjartat.se\/index.php\/wp-json\/wp\/v2\/pages\/2","targetHints":{"allow":["GET"]}}],"collection":[{"href":"https:\/\/doulafranhjartat.se\/index.php\/wp-json\/wp\/v2\/pages"}],"about":[{"href":"https:\/\/doulafranhjartat.se\/index.php\/wp-json\/wp\/v2\/types\/page"}],"author":[{"embeddable":true,"href":"https:\/\/doulafranhjartat.se\/index.php\/wp-json\/wp\/v2\/users\/1"}],"replies":[{"embeddable":true,"href":"https:\/\/doulafranhjartat.se\/index.php\/wp-json\/wp\/v2\/comments?post=2"}],"version-history":[{"count":23,"href":"https:\/\/doulafranhjartat.se\/index.php\/wp-json\/wp\/v2\/pages\/2\/revisions"}],"predecessor-version":[{"id":391,"href":"https:\/\/doulafranhjartat.se\/index.php\/wp-json\/wp\/v2\/pages\/2\/revisions\/391"}],"wp:attachment":[{"href":"https:\/\/doulafranhjartat.se\/index.php\/wp-json\/wp\/v2\/media?parent=2"}],"curies":[{"name":"wp","href":"https:\/\/api.w.org\/{rel}","templated":true}]}}