{"id":171,"date":"2021-01-06T16:11:20","date_gmt":"2021-01-06T14:11:20","guid":{"rendered":"https:\/\/ugisl-swe.ddns.net\/?page_id=171"},"modified":"2021-01-13T16:12:41","modified_gmt":"2021-01-13T15:12:41","slug":"postpartum-care-ritual-med-rebozo-closing-of-the-bones","status":"publish","type":"page","link":"https:\/\/doulafranhjartat.se\/index.php\/postpartum-care-ritual-med-rebozo-closing-of-the-bones\/","title":{"rendered":"Postpartum care ritual med Rebozo \u201cClosing of the Bones\u201d"},"content":{"rendered":"\n<p style=\"text-align: justify;\">Under f\u00f6rlossningen \u00f6ppnas kvinnan fysiskt f\u00f6r att hj\u00e4lpa barnet att f\u00f6das och emotionellt f\u00f6r att knyta an till sitt barn. Det \u00e4r livsviktigt f\u00f6r bebisen att mamman knyter an till sin nyf\u00f6dda fr\u00e5n f\u00f6rsta \u00f6gonblicket. Det g\u00f6r att mamman vill ta hand om barnet, mata det, skydda och se till att det f\u00e5r det b\u00e4sta och mesta i livet.<\/p>\n<p style=\"text-align: justify;\">Att \u00f6ppnas b\u00e5de fysiskt och emotionellt \u00e4r mycket anstr\u00e4ngande f\u00f6r b\u00e5de kroppen och sj\u00e4len. Det tar massor av energi och l\u00e4mnar kvinnan i ett oskyddat tillst\u00e5nd.<\/p>\n<p style=\"text-align: justify;\">Closing of the bones ritual \u00e4r en mycket gammal metod att hj\u00e4lpa kroppen \u00e5terfinna balansen i muskler, ligament samt b\u00e4ckenet och att hj\u00e4lpa kvinnan st\u00e4ngas emotionellt.<\/p>\n","protected":false},"excerpt":{"rendered":"<p>Under f\u00f6rlossningen \u00f6ppnas kvinnan fysiskt f\u00f6r att hj\u00e4lpa barnet att f\u00f6das och emotionellt f\u00f6r att knyta an till sitt barn. Det \u00e4r livsviktigt f\u00f6r bebisen att mamman knyter an till sin nyf\u00f6dda fr\u00e5n f\u00f6rsta \u00f6gonblicket. Det g\u00f6r att mamman vill ta hand om barnet, mata det, skydda och se till att det f\u00e5r det b\u00e4sta <a class=\"more-link\" href=\"https:\/\/doulafranhjartat.se\/index.php\/postpartum-care-ritual-med-rebozo-closing-of-the-bones\/\">Continue reading <i class=\"fa fa-chevron-right\"><\/i><\/a><\/p>\n","protected":false},"author":1,"featured_media":0,"parent":0,"menu_order":0,"comment_status":"closed","ping_status":"closed","template":"","meta":{"om_disable_all_campaigns":false,"_monsterinsights_skip_tracking":false,"_monsterinsights_sitenote_active":false,"_monsterinsights_sitenote_note":"","_monsterinsights_sitenote_category":0,"_uf_show_specific_survey":0,"_uf_disable_surveys":false,"footnotes":""},"class_list":["post-171","page","type-page","status-publish","hentry"],"aioseo_notices":[],"_links":{"self":[{"href":"https:\/\/doulafranhjartat.se\/index.php\/wp-json\/wp\/v2\/pages\/171","targetHints":{"allow":["GET"]}}],"collection":[{"href":"https:\/\/doulafranhjartat.se\/index.php\/wp-json\/wp\/v2\/pages"}],"about":[{"href":"https:\/\/doulafranhjartat.se\/index.php\/wp-json\/wp\/v2\/types\/page"}],"author":[{"embeddable":true,"href":"https:\/\/doulafranhjartat.se\/index.php\/wp-json\/wp\/v2\/users\/1"}],"replies":[{"embeddable":true,"href":"https:\/\/doulafranhjartat.se\/index.php\/wp-json\/wp\/v2\/comments?post=171"}],"version-history":[{"count":2,"href":"https:\/\/doulafranhjartat.se\/index.php\/wp-json\/wp\/v2\/pages\/171\/revisions"}],"predecessor-version":[{"id":273,"href":"https:\/\/doulafranhjartat.se\/index.php\/wp-json\/wp\/v2\/pages\/171\/revisions\/273"}],"wp:attachment":[{"href":"https:\/\/doulafranhjartat.se\/index.php\/wp-json\/wp\/v2\/media?parent=171"}],"curies":[{"name":"wp","href":"https:\/\/api.w.org\/{rel}","templated":true}]}}