{"id":165,"date":"2021-01-06T16:05:10","date_gmt":"2021-01-06T14:05:10","guid":{"rendered":"https:\/\/ugisl-swe.ddns.net\/?page_id=165"},"modified":"2021-01-13T07:55:26","modified_gmt":"2021-01-13T06:55:26","slug":"forberedande-samtal-infor-forlossningen","status":"publish","type":"page","link":"https:\/\/doulafranhjartat.se\/index.php\/forberedande-samtal-infor-forlossningen\/","title":{"rendered":"F\u00f6rberedande samtal inf\u00f6r f\u00f6rlossningen"},"content":{"rendered":"\n<p>(2-3 timmar)<\/p>\n<p style=\"text-align: justify;\">Under samtalet g\u00e5r vi tillsammans igenom hela f\u00f6rlossningsf\u00f6rloppet (normala skedet). Om ni \u00f6nskar kan vi prata om de olika medicinska ingrepp som kan tillkomma om mamma eller bebis b\u00f6rjar bli f\u00f6r tr\u00f6tta eller inte m\u00e5r bra av andra anledningar.<\/p>\n<p style=\"text-align: justify;\">Jag ber\u00e4ttar om sm\u00e4rtlindringsmetoder under olika f\u00f6rlossningsskeden \u2013 icke medicinska samt medicinska. Vi lyfter alla f\u00f6rdelar och nackdelar.<\/p>\n<p style=\"text-align: justify;\">Vi tr\u00e4nar p\u00e5 olika praktiska \u00f6vningar och metoder som kan hj\u00e4lpa kvinnan under f\u00f6rlossningen att l\u00e4ttare handskas med v\u00e4rkarna.<\/p>\n<p style=\"text-align: justify;\">Vi g\u00e5r igenom er dr\u00f6mf\u00f6rlossning samt en plan B ifall n\u00e5got tar en lite annan riktning.<\/p>\n<p style=\"text-align: justify;\">Jag lyssnar g\u00e4rna p\u00e5 era f\u00f6rv\u00e4ntningar om mig som doula om ni skulle vilja anlita mig som doula (helt doulauppdrag).<\/p>\n","protected":false},"excerpt":{"rendered":"<p>(2-3 timmar) Under samtalet g\u00e5r vi tillsammans igenom hela f\u00f6rlossningsf\u00f6rloppet (normala skedet). Om ni \u00f6nskar kan vi prata om de olika medicinska ingrepp som kan tillkomma om mamma eller bebis b\u00f6rjar bli f\u00f6r tr\u00f6tta eller inte m\u00e5r bra av andra anledningar. Jag ber\u00e4ttar om sm\u00e4rtlindringsmetoder under olika f\u00f6rlossningsskeden \u2013 icke medicinska samt medicinska. Vi lyfter <a class=\"more-link\" href=\"https:\/\/doulafranhjartat.se\/index.php\/forberedande-samtal-infor-forlossningen\/\">Continue reading <i class=\"fa fa-chevron-right\"><\/i><\/a><\/p>\n","protected":false},"author":1,"featured_media":0,"parent":0,"menu_order":0,"comment_status":"closed","ping_status":"closed","template":"","meta":{"om_disable_all_campaigns":false,"_monsterinsights_skip_tracking":false,"_monsterinsights_sitenote_active":false,"_monsterinsights_sitenote_note":"","_monsterinsights_sitenote_category":0,"_uf_show_specific_survey":0,"_uf_disable_surveys":false,"footnotes":""},"class_list":["post-165","page","type-page","status-publish","hentry"],"aioseo_notices":[],"_links":{"self":[{"href":"https:\/\/doulafranhjartat.se\/index.php\/wp-json\/wp\/v2\/pages\/165","targetHints":{"allow":["GET"]}}],"collection":[{"href":"https:\/\/doulafranhjartat.se\/index.php\/wp-json\/wp\/v2\/pages"}],"about":[{"href":"https:\/\/doulafranhjartat.se\/index.php\/wp-json\/wp\/v2\/types\/page"}],"author":[{"embeddable":true,"href":"https:\/\/doulafranhjartat.se\/index.php\/wp-json\/wp\/v2\/users\/1"}],"replies":[{"embeddable":true,"href":"https:\/\/doulafranhjartat.se\/index.php\/wp-json\/wp\/v2\/comments?post=165"}],"version-history":[{"count":2,"href":"https:\/\/doulafranhjartat.se\/index.php\/wp-json\/wp\/v2\/pages\/165\/revisions"}],"predecessor-version":[{"id":257,"href":"https:\/\/doulafranhjartat.se\/index.php\/wp-json\/wp\/v2\/pages\/165\/revisions\/257"}],"wp:attachment":[{"href":"https:\/\/doulafranhjartat.se\/index.php\/wp-json\/wp\/v2\/media?parent=165"}],"curies":[{"name":"wp","href":"https:\/\/api.w.org\/{rel}","templated":true}]}}