{"id":162,"date":"2021-01-06T16:02:02","date_gmt":"2021-01-06T14:02:02","guid":{"rendered":"https:\/\/ugisl-swe.ddns.net\/?page_id=162"},"modified":"2021-02-11T16:16:48","modified_gmt":"2021-02-11T15:16:48","slug":"doulauppdrag","status":"publish","type":"page","link":"https:\/\/doulafranhjartat.se\/index.php\/doulauppdrag\/","title":{"rendered":"Doulapaket"},"content":{"rendered":"\n<p style=\"text-align: justify;\">Anlitar ni mig som doula, f\u00e5r ni helt st\u00f6d under er livs fina h\u00e4ndelse. Doulapaketet innefattar ett <strong>f\u00f6rberedande samtal<\/strong> d\u00e4r vi g\u00e5r igenom f\u00f6rlossningen, sm\u00e4rtlindring, era \u00f6nskem\u00e5l och allt annat som ni tycker \u00e4r viktigt. Efter\u00e5t \u00e4r jag tillg\u00e4nglig via telefon n\u00e4r det uppkommer n\u00e5gra fr\u00e5gor eller funderingar.<\/p>\n<p style=\"text-align: justify;\">Jag <strong>har jourtid 24 timmar om dygnet <\/strong>tv\u00e5 veckor innan och tv\u00e5 veckor efter det ber\u00e4knade f\u00f6rlossningsdatumet som betyder att ni kan n\u00e5 mig dygnet runt vid fr\u00e5gor eller b\u00f6rjan av f\u00f6rlossningen.<\/p>\n<p style=\"text-align: justify;\"><strong>Jag \u00e4r med er<\/strong> fr\u00e5n den tiden ni beh\u00f6ver mig som st\u00f6d hemma eller p\u00e5 sjukhuset (\u00e4ven redan under latensa fasen om ni s\u00e5 \u00f6nskar), till den stunden d\u00e5 nya familjemedlemmen \u00e4r f\u00f6dd. Jag stannar med er tills amningen har kommit ig\u00e5ng eller s\u00e5 l\u00e4nge ni \u00f6nskar.<\/p>\n<p style=\"text-align: justify;\">N\u00e4r ni har gjord era f\u00f6rsta steg i nya familjelivet kommer jag p\u00e5 ett eftersamtal d\u00e4r vi kan g\u00e5 igenom f\u00f6rlossningen och klarg\u00f6ra alla fr\u00e5getecken. Jag hj\u00e4lper till med praktiska tips om bebisen, amningen eller vardagsplanering i er nya familjesituationen. Jag kan \u00e4ven ta hand om bebisen f\u00f6r en stund om ni beh\u00f6ver en kort vilostund, dusch eller fixa n\u00e5got annat.<\/p>\n","protected":false},"excerpt":{"rendered":"<p>Anlitar ni mig som doula, f\u00e5r ni helt st\u00f6d under er livs fina h\u00e4ndelse. Doulapaketet innefattar ett f\u00f6rberedande samtal d\u00e4r vi g\u00e5r igenom f\u00f6rlossningen, sm\u00e4rtlindring, era \u00f6nskem\u00e5l och allt annat som ni tycker \u00e4r viktigt. Efter\u00e5t \u00e4r jag tillg\u00e4nglig via telefon n\u00e4r det uppkommer n\u00e5gra fr\u00e5gor eller funderingar. Jag har jourtid 24 timmar om dygnet <a class=\"more-link\" href=\"https:\/\/doulafranhjartat.se\/index.php\/doulauppdrag\/\">Continue reading <i class=\"fa fa-chevron-right\"><\/i><\/a><\/p>\n","protected":false},"author":1,"featured_media":0,"parent":0,"menu_order":0,"comment_status":"closed","ping_status":"closed","template":"","meta":{"om_disable_all_campaigns":false,"_monsterinsights_skip_tracking":false,"_monsterinsights_sitenote_active":false,"_monsterinsights_sitenote_note":"","_monsterinsights_sitenote_category":0,"_uf_show_specific_survey":0,"_uf_disable_surveys":false,"footnotes":""},"class_list":["post-162","page","type-page","status-publish","hentry"],"aioseo_notices":[],"_links":{"self":[{"href":"https:\/\/doulafranhjartat.se\/index.php\/wp-json\/wp\/v2\/pages\/162","targetHints":{"allow":["GET"]}}],"collection":[{"href":"https:\/\/doulafranhjartat.se\/index.php\/wp-json\/wp\/v2\/pages"}],"about":[{"href":"https:\/\/doulafranhjartat.se\/index.php\/wp-json\/wp\/v2\/types\/page"}],"author":[{"embeddable":true,"href":"https:\/\/doulafranhjartat.se\/index.php\/wp-json\/wp\/v2\/users\/1"}],"replies":[{"embeddable":true,"href":"https:\/\/doulafranhjartat.se\/index.php\/wp-json\/wp\/v2\/comments?post=162"}],"version-history":[{"count":4,"href":"https:\/\/doulafranhjartat.se\/index.php\/wp-json\/wp\/v2\/pages\/162\/revisions"}],"predecessor-version":[{"id":373,"href":"https:\/\/doulafranhjartat.se\/index.php\/wp-json\/wp\/v2\/pages\/162\/revisions\/373"}],"wp:attachment":[{"href":"https:\/\/doulafranhjartat.se\/index.php\/wp-json\/wp\/v2\/media?parent=162"}],"curies":[{"name":"wp","href":"https:\/\/api.w.org\/{rel}","templated":true}]}}